{"id":68,"date":"2020-03-20T14:31:18","date_gmt":"2020-03-20T14:31:18","guid":{"rendered":"http:\/\/story-board.de\/?page_id=68"},"modified":"2020-03-20T14:49:55","modified_gmt":"2020-03-20T14:49:55","slug":"impressum","status":"publish","type":"page","link":"https:\/\/story-board.de\/?page_id=68","title":{"rendered":"Impressum"},"content":{"rendered":"\n<h4 class=\"has-text-align-left\">Verantwortlich f\u00fcr den Inhalt<\/h4>\n\n\n\n<p class=\"has-text-align-left\">Denise Betz<\/p>\n\n\n\n<p class=\"has-text-align-left\">Cottbuser\nStr. 6<\/p>\n\n\n\n<p class=\"has-text-align-left\">45888 Gelsenkirchen<\/p>\n\n\n\n<p> <\/p>\n\n\n\n<p class=\"has-text-align-center\"> ~~~~~~~~~~~<\/p>\n\n\n\n<p><\/p>\n\n\n\n<h4> Hinweis<\/h4>\n\n\n\n<p>Der gesamte Inhalt dieser Website ist urheberrechtlich gesch\u00fctzt. Das Herunterladen, Ausdrucken, Ver\u00e4ndern oder die sonstige Nutzung der Inhalte bed\u00fcrfen der ausdr\u00fccklichen Zustimmung des Urhebers.<br><\/p>\n","protected":false},"excerpt":{"rendered":"<p>Verantwortlich f\u00fcr den Inhalt Denise Betz Cottbuser Str. 6 45888 Gelsenkirchen ~~~~~~~~~~~ Hinweis Der gesamte Inhalt dieser Website ist urheberrechtlich gesch\u00fctzt. Das Herunterladen, Ausdrucken, Ver\u00e4ndern oder die sonstige Nutzung der Inhalte bed\u00fcrfen der ausdr\u00fccklichen Zustimmung des Urhebers.<\/p>\n","protected":false},"author":1,"featured_media":0,"parent":0,"menu_order":0,"comment_status":"closed","ping_status":"closed","template":"","meta":[],"_links":{"self":[{"href":"https:\/\/story-board.de\/index.php?rest_route=\/wp\/v2\/pages\/68"}],"collection":[{"href":"https:\/\/story-board.de\/index.php?rest_route=\/wp\/v2\/pages"}],"about":[{"href":"https:\/\/story-board.de\/index.php?rest_route=\/wp\/v2\/types\/page"}],"author":[{"embeddable":true,"href":"https:\/\/story-board.de\/index.php?rest_route=\/wp\/v2\/users\/1"}],"replies":[{"embeddable":true,"href":"https:\/\/story-board.de\/index.php?rest_route=%2Fwp%2Fv2%2Fcomments&post=68"}],"version-history":[{"count":3,"href":"https:\/\/story-board.de\/index.php?rest_route=\/wp\/v2\/pages\/68\/revisions"}],"predecessor-version":[{"id":74,"href":"https:\/\/story-board.de\/index.php?rest_route=\/wp\/v2\/pages\/68\/revisions\/74"}],"wp:attachment":[{"href":"https:\/\/story-board.de\/index.php?rest_route=%2Fwp%2Fv2%2Fmedia&parent=68"}],"curies":[{"name":"wp","href":"https:\/\/api.w.org\/{rel}","templated":true}]}}