{"id":6,"date":"2020-02-09T15:29:59","date_gmt":"2020-02-09T15:29:59","guid":{"rendered":"http:\/\/story-board.de\/?page_id=6"},"modified":"2021-08-01T12:35:39","modified_gmt":"2021-08-01T12:35:39","slug":"ueber-mich","status":"publish","type":"page","link":"https:\/\/story-board.de\/?page_id=6","title":{"rendered":"\u00dcber mich"},"content":{"rendered":"\r\n<h5><img loading=\"lazy\" class=\"alignright size-medium wp-image-172\" src=\"http:\/\/story-board.de\/wp-content\/uploads\/2020\/04\/WhatsApp-Image-2020-04-25-at-20.39.04-225x300.jpeg\" alt=\"\" width=\"225\" height=\"300\" srcset=\"https:\/\/story-board.de\/wp-content\/uploads\/2020\/04\/WhatsApp-Image-2020-04-25-at-20.39.04-225x300.jpeg 225w, https:\/\/story-board.de\/wp-content\/uploads\/2020\/04\/WhatsApp-Image-2020-04-25-at-20.39.04-768x1024.jpeg 768w, https:\/\/story-board.de\/wp-content\/uploads\/2020\/04\/WhatsApp-Image-2020-04-25-at-20.39.04-1152x1536.jpeg 1152w, https:\/\/story-board.de\/wp-content\/uploads\/2020\/04\/WhatsApp-Image-2020-04-25-at-20.39.04-1140x1520.jpeg 1140w, https:\/\/story-board.de\/wp-content\/uploads\/2020\/04\/WhatsApp-Image-2020-04-25-at-20.39.04.jpeg 1200w\" sizes=\"(max-width: 225px) 100vw, 225px\" \/><em>Nichts muss, vieles kann, alles darf&#8230;<\/em><\/h5>\r\n\r\n\r\n\r\n<p>Unter diesem Motto lebe ich nun schon seit mittlerweile 32 Jahren und bin damit bisher ziemlich gut gefahren. Ich lebe mit meiner Familie und zwei ziemlich verw\u00f6hnten Fellnasen in einer Doppelhaush\u00e4lfte mitten im Herzen des Ruhrgebiets. Neben meinem Hauptberuf als Sozialp\u00e4dagogin, entschwinde ich der Realit\u00e4t gerne in eine bunte Welt aus Fantastereien.<\/p>\r\n\r\n\r\n\r\n<p>Aus einem eingangs eher heimlichen Hobby, hat sich eine Leidenschaft entwickelt, die zu einem festen Bestandteil meines Lebens geworden ist. Immer wieder &#8211; und meistens, wenn ich am allerwenigsten darauf vorbereitet bin &#8211; springen mich Ideen an, wachsen in exorbitantem Tempo zu Ploth\u00e4schen, die dann ohne sie aufhalten zu k\u00f6nnen, \u00fcber ihre ganz eigenen Storywiesen h\u00fcpfen.<\/p>\r\n\r\n\r\n\r\n<p>Ich bin im Gefilde des Fantasy-, Romantasy- und Romance-Genres zu Hause. Action, Sex and Crime lautet dabei meine Devise. Unterst\u00fctzt durch eine geh\u00f6rige Portion Herzschmerz, Drama und Cliffhanger. Nicht selten geht es meinen Protagonisten ordentlich an den Kragen und nicht alle kommen aus den Situationen, die ich ihnen zumute, auch wieder heil heraus. Da ich der Meinung bin, dass die Welt mehr Liebe und Hoffnung vertragen kann, haben meine Geschichten allesamt ein Happy End. \u00dcber die Definition &#8222;happy&#8220; l\u00e4sst sich mit mir allerdings streiten.<\/p>\r\n\r\n\r\n\r\n<p>Dabei pendele auch ich regelm\u00e4\u00dfig zwischen emotionalen Extremen hin und her, bin wahnsinnig \u00fcberzeugt von einer Idee und denke im n\u00e4chsten Augenblick, meinen PC anzuz\u00fcnden und nie wieder einen Stift in die Hand zu nehmen.<\/p>\r\n\r\n\r\n\r\n<p>Unter der Maxime: Make Love Not War, zitiere ich Will Smith:<br \/>&#8222;<em>If anybody can find someone to love them and to help them through this difficult thing that we call life, I support that in any shape or form.<\/em>&#8222;<\/p>\r\n","protected":false},"excerpt":{"rendered":"<p>Nichts muss, vieles kann, alles darf&#8230; Unter diesem Motto lebe ich nun schon seit mittlerweile 32 Jahren und bin damit bisher ziemlich gut gefahren. Ich lebe mit meiner Familie und zwei ziemlich verw\u00f6hnten Fellnasen in einer Doppelhaush\u00e4lfte mitten im Herzen des Ruhrgebiets. Neben meinem Hauptberuf als Sozialp\u00e4dagogin, entschwinde ich der Realit\u00e4t gerne in eine bunte Welt aus Fantastereien. Aus einem eingangs eher heimlichen Hobby, hat sich eine Leidenschaft entwickelt, die zu einem festen Bestandteil meines Lebens geworden ist. Immer wieder &#8211; und meistens, wenn ich am allerwenigsten darauf vorbereitet bin &#8211; springen mich Ideen an, wachsen in exorbitantem Tempo zu Ploth\u00e4schen, die dann ohne sie aufhalten zu k\u00f6nnen, \u00fcber ihre ganz eigenen Storywiesen h\u00fcpfen. Ich bin im Gefilde des Fantasy-, Romantasy- und Romance-Genres zu Hause. Action, Sex and Crime lautet dabei meine Devise. Unterst\u00fctzt durch eine geh\u00f6rige Portion Herzschmerz, Drama und Cliffhanger. Nicht selten geht es meinen Protagonisten ordentlich an den Kragen und nicht alle kommen aus den Situationen, die ich ihnen zumute, auch wieder heil heraus. Da ich der Meinung bin, dass die Welt mehr Liebe und Hoffnung vertragen kann, haben meine Geschichten allesamt ein Happy End. \u00dcber die Definition &#8222;happy&#8220; l\u00e4sst sich mit mir allerdings streiten. Dabei pendele auch ich regelm\u00e4\u00dfig zwischen emotionalen Extremen hin und her, bin wahnsinnig \u00fcberzeugt von einer Idee und denke im n\u00e4chsten Augenblick, meinen PC anzuz\u00fcnden und nie wieder einen Stift in die Hand zu nehmen. Unter der Maxime: Make Love Not War, zitiere ich Will Smith:&#8222;If anybody can find someone to love them and to help them through this difficult thing that we call life, I support that in any shape or form.&#8222;<\/p>\n","protected":false},"author":1,"featured_media":0,"parent":0,"menu_order":0,"comment_status":"closed","ping_status":"closed","template":"","meta":[],"_links":{"self":[{"href":"https:\/\/story-board.de\/index.php?rest_route=\/wp\/v2\/pages\/6"}],"collection":[{"href":"https:\/\/story-board.de\/index.php?rest_route=\/wp\/v2\/pages"}],"about":[{"href":"https:\/\/story-board.de\/index.php?rest_route=\/wp\/v2\/types\/page"}],"author":[{"embeddable":true,"href":"https:\/\/story-board.de\/index.php?rest_route=\/wp\/v2\/users\/1"}],"replies":[{"embeddable":true,"href":"https:\/\/story-board.de\/index.php?rest_route=%2Fwp%2Fv2%2Fcomments&post=6"}],"version-history":[{"count":14,"href":"https:\/\/story-board.de\/index.php?rest_route=\/wp\/v2\/pages\/6\/revisions"}],"predecessor-version":[{"id":184,"href":"https:\/\/story-board.de\/index.php?rest_route=\/wp\/v2\/pages\/6\/revisions\/184"}],"wp:attachment":[{"href":"https:\/\/story-board.de\/index.php?rest_route=%2Fwp%2Fv2%2Fmedia&parent=6"}],"curies":[{"name":"wp","href":"https:\/\/api.w.org\/{rel}","templated":true}]}}