{"id":57,"date":"2020-03-04T21:22:17","date_gmt":"2020-03-04T21:22:17","guid":{"rendered":"http:\/\/story-board.de\/?page_id=57"},"modified":"2020-04-25T21:26:28","modified_gmt":"2020-04-25T21:26:28","slug":"meine-buecher","status":"publish","type":"page","link":"https:\/\/story-board.de\/?page_id=57","title":{"rendered":"Meine B\u00fccher"},"content":{"rendered":"<p>Hier erfahrt ihr alles \u00fcber meine Ver\u00f6ffentlichungen und Projekte, an denen ich aktuell arbeite.<\/p>\n","protected":false},"excerpt":{"rendered":"<p>Hier erfahrt ihr alles \u00fcber meine Ver\u00f6ffentlichungen und Projekte, an denen ich aktuell arbeite.<\/p>\n","protected":false},"author":1,"featured_media":0,"parent":0,"menu_order":0,"comment_status":"closed","ping_status":"closed","template":"","meta":[],"_links":{"self":[{"href":"https:\/\/story-board.de\/index.php?rest_route=\/wp\/v2\/pages\/57"}],"collection":[{"href":"https:\/\/story-board.de\/index.php?rest_route=\/wp\/v2\/pages"}],"about":[{"href":"https:\/\/story-board.de\/index.php?rest_route=\/wp\/v2\/types\/page"}],"author":[{"embeddable":true,"href":"https:\/\/story-board.de\/index.php?rest_route=\/wp\/v2\/users\/1"}],"replies":[{"embeddable":true,"href":"https:\/\/story-board.de\/index.php?rest_route=%2Fwp%2Fv2%2Fcomments&post=57"}],"version-history":[{"count":2,"href":"https:\/\/story-board.de\/index.php?rest_route=\/wp\/v2\/pages\/57\/revisions"}],"predecessor-version":[{"id":178,"href":"https:\/\/story-board.de\/index.php?rest_route=\/wp\/v2\/pages\/57\/revisions\/178"}],"wp:attachment":[{"href":"https:\/\/story-board.de\/index.php?rest_route=%2Fwp%2Fv2%2Fmedia&parent=57"}],"curies":[{"name":"wp","href":"https:\/\/api.w.org\/{rel}","templated":true}]}}