{"id":38,"date":"2020-02-09T16:54:21","date_gmt":"2020-02-09T16:54:21","guid":{"rendered":"http:\/\/story-board.de\/?page_id=38"},"modified":"2020-03-31T20:58:30","modified_gmt":"2020-03-31T20:58:30","slug":"a-blast-from-the-past","status":"publish","type":"page","link":"https:\/\/story-board.de\/?page_id=38","title":{"rendered":"A Blast From The Past"},"content":{"rendered":"\r\n<p>Hier findest du ein paar \u00e4ltere Texte und Kurzgeschichten, die vor einer gef\u00fchlten Ewigkeiten unter den verschiedensten Anl\u00e4ssen entstanden sind.<\/p>\r\n\r\n\r\n\r\n<p>Da ich urspr\u00fcnglich durch das Verfassen von Fanfiction zum Schreiben gekommen bin, werden dir einige der Hauptfiguren sicherlich bekannt vorkommen.<\/p>\r\n<p><a href=\"https:\/\/story-board.de\/?p=80\"><img loading=\"lazy\" class=\"alignnone wp-image-127 size-thumbnail\" src=\"http:\/\/story-board.de\/wp-content\/uploads\/2020\/03\/Jane-Doe-4-1-150x150.jpg\" alt=\"\" width=\"150\" height=\"150\" srcset=\"https:\/\/story-board.de\/wp-content\/uploads\/2020\/03\/Jane-Doe-4-1-150x150.jpg 150w, https:\/\/story-board.de\/wp-content\/uploads\/2020\/03\/Jane-Doe-4-1-300x300.jpg 300w, https:\/\/story-board.de\/wp-content\/uploads\/2020\/03\/Jane-Doe-4-1-75x75.jpg 75w\" sizes=\"(max-width: 150px) 100vw, 150px\" \/><\/a> \u00a0\u00a0\u00a0\u00a0 <a href=\"https:\/\/story-board.de\/?p=119\"><img loading=\"lazy\" class=\"alignnone size-thumbnail wp-image-132\" src=\"http:\/\/story-board.de\/wp-content\/uploads\/2020\/03\/Heimsuchung-150x150.jpg\" alt=\"\" width=\"150\" height=\"150\" srcset=\"https:\/\/story-board.de\/wp-content\/uploads\/2020\/03\/Heimsuchung-150x150.jpg 150w, https:\/\/story-board.de\/wp-content\/uploads\/2020\/03\/Heimsuchung-300x300.jpg 300w, https:\/\/story-board.de\/wp-content\/uploads\/2020\/03\/Heimsuchung-75x75.jpg 75w\" sizes=\"(max-width: 150px) 100vw, 150px\" \/><\/a> \u00a0 \u00a0 \u00a0<a href=\"https:\/\/story-board.de\/?p=159\"><img loading=\"lazy\" class=\"alignnone size-thumbnail wp-image-160\" src=\"http:\/\/story-board.de\/wp-content\/uploads\/2020\/03\/Irgendwann-Cover-150x150.jpg\" alt=\"\" width=\"150\" height=\"150\" srcset=\"https:\/\/story-board.de\/wp-content\/uploads\/2020\/03\/Irgendwann-Cover-150x150.jpg 150w, https:\/\/story-board.de\/wp-content\/uploads\/2020\/03\/Irgendwann-Cover-300x300.jpg 300w, https:\/\/story-board.de\/wp-content\/uploads\/2020\/03\/Irgendwann-Cover-75x75.jpg 75w\" sizes=\"(max-width: 150px) 100vw, 150px\" \/><\/a> \u00a0\u00a0 <\/p>\r\n","protected":false},"excerpt":{"rendered":"<p>Hier findest du ein paar \u00e4ltere Texte und Kurzgeschichten, die vor einer gef\u00fchlten Ewigkeiten unter den verschiedensten Anl\u00e4ssen entstanden sind. Da ich urspr\u00fcnglich durch das Verfassen von Fanfiction zum Schreiben gekommen bin, werden dir einige der Hauptfiguren sicherlich bekannt vorkommen. \u00a0\u00a0\u00a0\u00a0 \u00a0 \u00a0 \u00a0 \u00a0\u00a0<\/p>\n","protected":false},"author":1,"featured_media":0,"parent":0,"menu_order":0,"comment_status":"closed","ping_status":"closed","template":"","meta":[],"_links":{"self":[{"href":"https:\/\/story-board.de\/index.php?rest_route=\/wp\/v2\/pages\/38"}],"collection":[{"href":"https:\/\/story-board.de\/index.php?rest_route=\/wp\/v2\/pages"}],"about":[{"href":"https:\/\/story-board.de\/index.php?rest_route=\/wp\/v2\/types\/page"}],"author":[{"embeddable":true,"href":"https:\/\/story-board.de\/index.php?rest_route=\/wp\/v2\/users\/1"}],"replies":[{"embeddable":true,"href":"https:\/\/story-board.de\/index.php?rest_route=%2Fwp%2Fv2%2Fcomments&post=38"}],"version-history":[{"count":7,"href":"https:\/\/story-board.de\/index.php?rest_route=\/wp\/v2\/pages\/38\/revisions"}],"predecessor-version":[{"id":165,"href":"https:\/\/story-board.de\/index.php?rest_route=\/wp\/v2\/pages\/38\/revisions\/165"}],"wp:attachment":[{"href":"https:\/\/story-board.de\/index.php?rest_route=%2Fwp%2Fv2%2Fmedia&parent=38"}],"curies":[{"name":"wp","href":"https:\/\/api.w.org\/{rel}","templated":true}]}}