{"id":103,"date":"2020-03-20T16:01:59","date_gmt":"2020-03-20T16:01:59","guid":{"rendered":"http:\/\/story-board.de\/?page_id=103"},"modified":"2021-08-01T12:46:29","modified_gmt":"2021-08-01T12:46:29","slug":"startseite","status":"publish","type":"page","link":"https:\/\/story-board.de\/","title":{"rendered":"Startseite"},"content":{"rendered":"<header class=\"post-header\">\n<blockquote>\n<h1 class=\"post-title\">\u201eDie meisten gro\u00dfen Taten, die meisten gro\u00dfen Gedanken haben einen bel\u00e4chelswerten Anfang.\u201c<\/h1>\n<\/blockquote>\n<\/header>\n<div class=\"post-content\">\n<p><cite> Albert Camus \u2013 Franz\u00f6sischer Schriftsteller und Philosoph <\/cite><\/p>\n<\/div>\n<p>Auf dieser Website findet ihr alle Informationen rund um meine Person und meine B\u00fccher.<\/p>\n","protected":false},"excerpt":{"rendered":"<p>\u201eDie meisten gro\u00dfen Taten, die meisten gro\u00dfen Gedanken haben einen bel\u00e4chelswerten Anfang.\u201c Albert Camus \u2013 Franz\u00f6sischer Schriftsteller und Philosoph Auf dieser Website findet ihr alle Informationen rund um meine Person und meine B\u00fccher.<\/p>\n","protected":false},"author":1,"featured_media":0,"parent":0,"menu_order":0,"comment_status":"closed","ping_status":"closed","template":"","meta":[],"_links":{"self":[{"href":"https:\/\/story-board.de\/index.php?rest_route=\/wp\/v2\/pages\/103"}],"collection":[{"href":"https:\/\/story-board.de\/index.php?rest_route=\/wp\/v2\/pages"}],"about":[{"href":"https:\/\/story-board.de\/index.php?rest_route=\/wp\/v2\/types\/page"}],"author":[{"embeddable":true,"href":"https:\/\/story-board.de\/index.php?rest_route=\/wp\/v2\/users\/1"}],"replies":[{"embeddable":true,"href":"https:\/\/story-board.de\/index.php?rest_route=%2Fwp%2Fv2%2Fcomments&post=103"}],"version-history":[{"count":10,"href":"https:\/\/story-board.de\/index.php?rest_route=\/wp\/v2\/pages\/103\/revisions"}],"predecessor-version":[{"id":191,"href":"https:\/\/story-board.de\/index.php?rest_route=\/wp\/v2\/pages\/103\/revisions\/191"}],"wp:attachment":[{"href":"https:\/\/story-board.de\/index.php?rest_route=%2Fwp%2Fv2%2Fmedia&parent=103"}],"curies":[{"name":"wp","href":"https:\/\/api.w.org\/{rel}","templated":true}]}}